{"id":48,"date":"2025-11-24T13:13:09","date_gmt":"2025-11-24T13:13:09","guid":{"rendered":"https:\/\/charter.aveyachtingalbania.com\/?page_id=48"},"modified":"2026-01-19T08:54:25","modified_gmt":"2026-01-19T08:54:25","slug":"yacht-management","status":"publish","type":"page","link":"https:\/\/aveyachtingalbania.com\/sq\/yacht-management\/","title":{"rendered":"Menaxhim Jahtesh"},"content":{"rendered":"<div data-elementor-type=\"wp-page\" data-elementor-id=\"48\" class=\"elementor elementor-48\" data-elementor-post-type=\"page\">\n\t\t\t\t<div class=\"elementor-element elementor-element-477368c e-con-full e-flex e-con e-parent\" data-id=\"477368c\" data-element_type=\"container\" data-e-type=\"container\" data-settings=\"{&quot;background_background&quot;:&quot;video&quot;,&quot;background_video_link&quot;:&quot;https:\\\/\\\/aveyachtingalbania.com\\\/wp-content\\\/uploads\\\/2026\\\/01\\\/Yacht-Management.mov&quot;,&quot;background_play_on_mobile&quot;:&quot;yes&quot;}\">\n\t\t<div class=\"elementor-background-video-container\">\n\t\t\t\t\t\t\t<video class=\"elementor-background-video-hosted\" role=\"presentation\" autoplay muted playsinline loop><\/video>\n\t\t\t\t\t<\/div><div class=\"elementor-element elementor-element-3100b9d e-flex e-con-boxed e-con e-child\" data-id=\"3100b9d\" data-element_type=\"container\" data-e-type=\"container\">\n\t\t\t\t\t<div class=\"e-con-inner\">\n\t\t\t\t<div class=\"elementor-element elementor-element-31c8a75 elementor-widget elementor-widget-heading\" data-id=\"31c8a75\" data-element_type=\"widget\" data-e-type=\"widget\" data-widget_type=\"heading.default\">\n\t\t\t\t\t<h6 class=\"elementor-heading-title elementor-size-default\">Mb\u00ebshtetje e p\u00ebrsosur<\/h6>\t\t\t\t<\/div>\n\t\t\t\t<div class=\"elementor-element elementor-element-41de335 elementor-widget elementor-widget-heading\" data-id=\"41de335\" data-element_type=\"widget\" data-e-type=\"widget\" data-widget_type=\"heading.default\">\n\t\t\t\t\t<h2 class=\"elementor-heading-title elementor-size-default\">Menaxhim Jahtesh <br> Sh\u00ebrbime dhe Projekte <br>Menaxhimi<\/h2>\t\t\t\t<\/div>\n\t\t\t\t<div class=\"elementor-element elementor-element-24c1a1b elementor-widget elementor-widget-button\" data-id=\"24c1a1b\" data-element_type=\"widget\" data-e-type=\"widget\" data-widget_type=\"button.default\">\n\t\t\t\t\t\t\t\t\t\t<a class=\"elementor-button elementor-button-link elementor-size-sm\" href=\"https:\/\/aveyachtingalbania.com\/sq\/contact\/\">\n\t\t\t\t\t\t<span class=\"elementor-button-content-wrapper\">\n\t\t\t\t\t\t\t\t\t<span class=\"elementor-button-text\">Menaxho Jahtin Tim<\/span>\n\t\t\t\t\t<\/span>\n\t\t\t\t\t<\/a>\n\t\t\t\t\t\t\t\t<\/div>\n\t\t\t\t\t<\/div>\n\t\t\t\t<\/div>\n\t\t\t\t<\/div>\n\t\t<div class=\"elementor-element elementor-element-c9e11ed animated-slow e-flex e-con-boxed elementor-invisible e-con e-parent\" data-id=\"c9e11ed\" data-element_type=\"container\" data-e-type=\"container\" data-settings=\"{&quot;animation&quot;:&quot;fadeIn&quot;}\">\n\t\t\t\t\t<div class=\"e-con-inner\">\n\t\t\t\t<div class=\"elementor-element elementor-element-adb7adf elementor-widget elementor-widget-text-editor\" data-id=\"adb7adf\" data-element_type=\"widget\" data-e-type=\"widget\" data-widget_type=\"text-editor.default\">\n\t\t\t\t\t\t\t\t\t<p data-start=\"195\" data-end=\"694\">N\u00eb Ave Yachting Albania, ne specializohemi n\u00eb sh\u00ebrbime gjith\u00ebp\u00ebrfshir\u00ebse t\u00eb menaxhimit t\u00eb jahteve, t\u00eb dizajnuara p\u00ebr pronar\u00eb t\u00eb kujdessh\u00ebm q\u00eb k\u00ebrkojn\u00eb p\u00ebrsosm\u00ebri si gjat\u00eb qiras\u00eb ashtu edhe gjat\u00eb riparimeve ose mir\u00ebmbajtjes. Nga koordinimi i operacioneve t\u00eb qiras\u00eb pa probleme, optimizimi i rezervimeve dhe menaxhimi i ekuipazhit, deri te mbik\u00ebqyrja e punimeve teknike n\u00eb kantieret detare dhe sigurimi q\u00eb \u00e7do detaj t\u00eb p\u00ebrmbush\u00eb standardet m\u00eb t\u00eb larta detare, ekipi yn\u00eb kujdeset p\u00ebr jahtin tuaj me sakt\u00ebsi dhe profesionaliz\u00ebm.<\/p>\t\t\t\t\t\t\t\t<\/div>\n\t\t\t\t\t<\/div>\n\t\t\t\t<\/div>\n\t\t<div class=\"elementor-element elementor-element-ed85b10 animated-slow e-flex e-con-boxed elementor-invisible e-con e-parent\" data-id=\"ed85b10\" data-element_type=\"container\" data-e-type=\"container\" data-settings=\"{&quot;animation&quot;:&quot;fadeIn&quot;}\">\n\t\t\t\t\t<div class=\"e-con-inner\">\n\t\t<div class=\"elementor-element elementor-element-c62b78c e-con-full e-flex e-con e-child\" data-id=\"c62b78c\" data-element_type=\"container\" data-e-type=\"container\">\n\t\t\t\t<div class=\"elementor-element elementor-element-1796387 elementor-widget elementor-widget-heading\" data-id=\"1796387\" data-element_type=\"widget\" data-e-type=\"widget\" data-widget_type=\"heading.default\">\n\t\t\t\t\t<h6 class=\"elementor-heading-title elementor-size-default\">Ekspertiza jon\u00eb<\/h6>\t\t\t\t<\/div>\n\t\t\t\t<div class=\"elementor-element elementor-element-f32ada4 elementor-widget elementor-widget-heading\" data-id=\"f32ada4\" data-element_type=\"widget\" data-e-type=\"widget\" data-widget_type=\"heading.default\">\n\t\t\t\t\t<h2 class=\"elementor-heading-title elementor-size-default\">MENAXHIM I PLOT\u00cb I JAKTEVE, PA NDIKIM DHE PROFESIONAL, NGA KUVERTA DERI N\u00cb DOK<\/h2>\t\t\t\t<\/div>\n\t\t\t\t<div class=\"elementor-element elementor-element-aebe0a9 elementor-widget elementor-widget-text-editor\" data-id=\"aebe0a9\" data-element_type=\"widget\" data-e-type=\"widget\" data-widget_type=\"text-editor.default\">\n\t\t\t\t\t\t\t\t\t<p>Ekipi yn\u00eb i p\u00ebrkushtuar i menaxher\u00ebve t\u00eb jahteve dhe mbik\u00ebqyr\u00ebsve teknik\u00eb bashkon ekspertiz\u00ebn, p\u00ebrvoj\u00ebn dhe njohurit\u00eb praktike p\u00ebr t\u00eb menaxhuar \u00e7do aspekt t\u00eb jahtit tuaj, nga operacionet e \u00e7arterit dhe menaxhimi i ekuipazhit deri te mir\u00ebmbajtja teknike dhe mbik\u00ebqyrja e kantierit detar - duke ofruar qet\u00ebsi t\u00eb plot\u00eb mendore n\u00eb \u00e7do faz\u00eb.<\/p>\t\t\t\t\t\t\t\t<\/div>\n\t\t\t\t<\/div>\n\t\t<div class=\"elementor-element elementor-element-857f1bb e-con-full e-flex e-con e-child\" data-id=\"857f1bb\" data-element_type=\"container\" data-e-type=\"container\">\n\t\t\t\t<div class=\"elementor-element elementor-element-c648a1d elementor-widget elementor-widget-image\" data-id=\"c648a1d\" data-element_type=\"widget\" data-e-type=\"widget\" data-widget_type=\"image.default\">\n\t\t\t\t\t\t\t\t\t\t\t\t\t\t\t<img fetchpriority=\"high\" decoding=\"async\" width=\"2000\" height=\"1333\" src=\"https:\/\/aveyachtingalbania.com\/wp-content\/uploads\/2026\/01\/falcomoscata-lifestyle-crew-captain_fraseryachts-0CZnOoX4.webp\" class=\"attachment-full size-full wp-image-3048\" alt=\"\" srcset=\"https:\/\/aveyachtingalbania.com\/wp-content\/uploads\/2026\/01\/falcomoscata-lifestyle-crew-captain_fraseryachts-0CZnOoX4.webp 2000w, https:\/\/aveyachtingalbania.com\/wp-content\/uploads\/2026\/01\/falcomoscata-lifestyle-crew-captain_fraseryachts-0CZnOoX4-300x200.webp 300w, https:\/\/aveyachtingalbania.com\/wp-content\/uploads\/2026\/01\/falcomoscata-lifestyle-crew-captain_fraseryachts-0CZnOoX4-1024x682.webp 1024w, https:\/\/aveyachtingalbania.com\/wp-content\/uploads\/2026\/01\/falcomoscata-lifestyle-crew-captain_fraseryachts-0CZnOoX4-768x512.webp 768w, https:\/\/aveyachtingalbania.com\/wp-content\/uploads\/2026\/01\/falcomoscata-lifestyle-crew-captain_fraseryachts-0CZnOoX4-1536x1024.webp 1536w, https:\/\/aveyachtingalbania.com\/wp-content\/uploads\/2026\/01\/falcomoscata-lifestyle-crew-captain_fraseryachts-0CZnOoX4-18x12.webp 18w\" sizes=\"(max-width: 2000px) 100vw, 2000px\" \/>\t\t\t\t\t\t\t\t\t\t\t\t\t\t\t<\/div>\n\t\t\t\t<\/div>\n\t\t\t\t\t<\/div>\n\t\t\t\t<\/div>\n\t\t\t\t<\/div>","protected":false},"excerpt":{"rendered":"<p>Seamless Support Yacht Management Services &amp; Project Management Manage My Yacht At Ave Yachting Albania, we specialize in comprehensive yacht management services designed for discerning owners who demand excellence both on charter and during refits or maintenance. From coordinating seamless charter operations, optimizing bookings, and managing crew, to supervising technical works at shipyards and ensuring [&hellip;]<\/p>\n","protected":false},"author":1,"featured_media":0,"parent":0,"menu_order":0,"comment_status":"closed","ping_status":"closed","template":"","meta":{"_acf_changed":false,"footnotes":""},"class_list":["post-48","page","type-page","status-publish","hentry"],"acf":[],"_links":{"self":[{"href":"https:\/\/aveyachtingalbania.com\/sq\/wp-json\/wp\/v2\/pages\/48","targetHints":{"allow":["GET"]}}],"collection":[{"href":"https:\/\/aveyachtingalbania.com\/sq\/wp-json\/wp\/v2\/pages"}],"about":[{"href":"https:\/\/aveyachtingalbania.com\/sq\/wp-json\/wp\/v2\/types\/page"}],"author":[{"embeddable":true,"href":"https:\/\/aveyachtingalbania.com\/sq\/wp-json\/wp\/v2\/users\/1"}],"replies":[{"embeddable":true,"href":"https:\/\/aveyachtingalbania.com\/sq\/wp-json\/wp\/v2\/comments?post=48"}],"version-history":[{"count":158,"href":"https:\/\/aveyachtingalbania.com\/sq\/wp-json\/wp\/v2\/pages\/48\/revisions"}],"predecessor-version":[{"id":3324,"href":"https:\/\/aveyachtingalbania.com\/sq\/wp-json\/wp\/v2\/pages\/48\/revisions\/3324"}],"wp:attachment":[{"href":"https:\/\/aveyachtingalbania.com\/sq\/wp-json\/wp\/v2\/media?parent=48"}],"curies":[{"name":"wp","href":"https:\/\/api.w.org\/{rel}","templated":true}]}}