{"id":33,"date":"2025-11-24T13:10:40","date_gmt":"2025-11-24T13:10:40","guid":{"rendered":"https:\/\/charter.aveyachtingalbania.com\/?page_id=33"},"modified":"2026-01-29T19:15:20","modified_gmt":"2026-01-29T19:15:20","slug":"about-us","status":"publish","type":"page","link":"https:\/\/aveyachtingalbania.com\/sq\/about-us\/","title":{"rendered":"Rreth Nesh"},"content":{"rendered":"<div data-elementor-type=\"wp-page\" data-elementor-id=\"33\" class=\"elementor elementor-33\" data-elementor-post-type=\"page\">\n\t\t\t\t<div class=\"elementor-element elementor-element-13375f8 e-con-full e-flex e-con e-parent\" data-id=\"13375f8\" data-element_type=\"container\" data-e-type=\"container\" data-settings=\"{&quot;background_background&quot;:&quot;classic&quot;}\">\n\t\t<div class=\"elementor-element elementor-element-ad1fb54 e-flex e-con-boxed e-con e-child\" data-id=\"ad1fb54\" data-element_type=\"container\" data-e-type=\"container\">\n\t\t\t\t\t<div class=\"e-con-inner\">\n\t\t\t\t<div class=\"elementor-element elementor-element-e3e724b elementor-widget elementor-widget-heading\" data-id=\"e3e724b\" data-element_type=\"widget\" data-e-type=\"widget\" data-widget_type=\"heading.default\">\n\t\t\t\t\t<h6 class=\"elementor-heading-title elementor-size-default\">Rreth Nesh<\/h6>\t\t\t\t<\/div>\n\t\t\t\t<div class=\"elementor-element elementor-element-eb4bc15 elementor-widget elementor-widget-heading\" data-id=\"eb4bc15\" data-element_type=\"widget\" data-e-type=\"widget\" data-widget_type=\"heading.default\">\n\t\t\t\t\t<h2 class=\"elementor-heading-title elementor-size-default\">Mir\u00eb se vini n\u00eb bord <br> Ave Yachting Albania<\/h2>\t\t\t\t<\/div>\n\t\t\t\t\t<\/div>\n\t\t\t\t<\/div>\n\t\t\t\t<\/div>\n\t\t<div class=\"elementor-element elementor-element-9f7314f animated-slow e-flex e-con-boxed elementor-invisible e-con e-parent\" data-id=\"9f7314f\" data-element_type=\"container\" data-e-type=\"container\" data-settings=\"{&quot;animation&quot;:&quot;fadeIn&quot;}\">\n\t\t\t\t\t<div class=\"e-con-inner\">\n\t\t<div class=\"elementor-element elementor-element-08a9a73 e-con-full e-flex e-con e-child\" data-id=\"08a9a73\" data-element_type=\"container\" data-e-type=\"container\">\n\t\t\t\t<div class=\"elementor-element elementor-element-ec73d8f elementor-widget elementor-widget-heading\" data-id=\"ec73d8f\" data-element_type=\"widget\" data-e-type=\"widget\" data-widget_type=\"heading.default\">\n\t\t\t\t\t<h6 class=\"elementor-heading-title elementor-size-default\">Profili i kompanis\u00eb son\u00eb<\/h6>\t\t\t\t<\/div>\n\t\t\t\t<div class=\"elementor-element elementor-element-3194e16 elementor-widget elementor-widget-text-editor\" data-id=\"3194e16\" data-element_type=\"widget\" data-e-type=\"widget\" data-widget_type=\"text-editor.default\">\n\t\t\t\t\t\t\t\t\t<p>Me seli n\u00eb Shqip\u00ebri, me 15 vjet ekspertiz\u00eb dhe nj\u00eb rrjet partner\u00ebsh nd\u00ebrkomb\u00ebtar\u00eb, ne ofrojm\u00eb \u00e7arterim, shitje jahtesh dhe menaxhim profesional. Nga gjiret e fshehura t\u00eb Rivier\u00ebs Shqiptare deri te destinacionet p\u00ebrgjat\u00eb Mesdheut, \u00e7do udh\u00ebtim \u00ebsht\u00eb hartuar me kujdes p\u00ebr t\u00eb kombinuar sh\u00ebrbimin e p\u00ebrsosur, p\u00ebrvojat e personalizuara dhe lirin\u00eb e uj\u00ebrave t\u00eb hapura, duke i l\u00ebn\u00eb \u00e7do mysafiri momente p\u00ebr t\u00eb kujtuar.<\/p>\t\t\t\t\t\t\t\t<\/div>\n\t\t\t\t<\/div>\n\t\t<div class=\"elementor-element elementor-element-f4e57c9 e-con-full e-flex e-con e-child\" data-id=\"f4e57c9\" data-element_type=\"container\" data-e-type=\"container\">\n\t\t\t\t<div class=\"elementor-element elementor-element-db55fc7 elementor-widget elementor-widget-image\" data-id=\"db55fc7\" data-element_type=\"widget\" data-e-type=\"widget\" data-widget_type=\"image.default\">\n\t\t\t\t\t\t\t\t\t\t\t\t\t\t\t<img fetchpriority=\"high\" decoding=\"async\" width=\"1920\" height=\"1080\" src=\"https:\/\/aveyachtingalbania.com\/wp-content\/uploads\/2026\/01\/la_la_land_1_539478deef.jpg\" class=\"attachment-full size-full wp-image-3104\" alt=\"\" srcset=\"https:\/\/aveyachtingalbania.com\/wp-content\/uploads\/2026\/01\/la_la_land_1_539478deef.jpg 1920w, https:\/\/aveyachtingalbania.com\/wp-content\/uploads\/2026\/01\/la_la_land_1_539478deef-300x169.jpg 300w, https:\/\/aveyachtingalbania.com\/wp-content\/uploads\/2026\/01\/la_la_land_1_539478deef-1024x576.jpg 1024w, https:\/\/aveyachtingalbania.com\/wp-content\/uploads\/2026\/01\/la_la_land_1_539478deef-768x432.jpg 768w, https:\/\/aveyachtingalbania.com\/wp-content\/uploads\/2026\/01\/la_la_land_1_539478deef-1536x864.jpg 1536w, https:\/\/aveyachtingalbania.com\/wp-content\/uploads\/2026\/01\/la_la_land_1_539478deef-18x10.jpg 18w\" sizes=\"(max-width: 1920px) 100vw, 1920px\" \/>\t\t\t\t\t\t\t\t\t\t\t\t\t\t\t<\/div>\n\t\t\t\t<\/div>\n\t\t\t\t\t<\/div>\n\t\t\t\t<\/div>\n\t\t<div class=\"elementor-element elementor-element-09ef9a4 animated-slow e-flex e-con-boxed elementor-invisible e-con e-parent\" data-id=\"09ef9a4\" data-element_type=\"container\" data-e-type=\"container\" data-settings=\"{&quot;animation&quot;:&quot;fadeIn&quot;}\">\n\t\t\t\t\t<div class=\"e-con-inner\">\n\t\t<div class=\"elementor-element elementor-element-c25f3cb e-con-full e-flex e-con e-child\" data-id=\"c25f3cb\" data-element_type=\"container\" data-e-type=\"container\">\n\t\t\t\t<div class=\"elementor-element elementor-element-b0776cf elementor-widget elementor-widget-heading\" data-id=\"b0776cf\" data-element_type=\"widget\" data-e-type=\"widget\" data-widget_type=\"heading.default\">\n\t\t\t\t\t<h6 class=\"elementor-heading-title elementor-size-default\">Partner\u00ebt tan\u00eb<\/h6>\t\t\t\t<\/div>\n\t\t\t\t<div class=\"elementor-element elementor-element-c0315f6 elementor-widget elementor-widget-heading\" data-id=\"c0315f6\" data-element_type=\"widget\" data-e-type=\"widget\" data-widget_type=\"heading.default\">\n\t\t\t\t\t<h2 class=\"elementor-heading-title elementor-size-default\">Partner\u00ebt tan\u00eb kryesor\u00eb q\u00eb ndihmojn\u00eb <br> ne ofrojm\u00eb sh\u00ebrbim t\u00eb jasht\u00ebzakonsh\u00ebm<\/h2>\t\t\t\t<\/div>\n\t\t\t\t<div class=\"elementor-element elementor-element-b2e9145 elementor-skin-carousel elementor-arrows-yes elementor-pagination-type-bullets elementor-pagination-position-outside elementor-widget elementor-widget-media-carousel\" data-id=\"b2e9145\" data-element_type=\"widget\" data-e-type=\"widget\" data-settings=\"{&quot;skin&quot;:&quot;carousel&quot;,&quot;effect&quot;:&quot;slide&quot;,&quot;show_arrows&quot;:&quot;yes&quot;,&quot;pagination&quot;:&quot;bullets&quot;,&quot;speed&quot;:500,&quot;autoplay&quot;:&quot;yes&quot;,&quot;autoplay_speed&quot;:5000,&quot;loop&quot;:&quot;yes&quot;,&quot;pause_on_hover&quot;:&quot;yes&quot;,&quot;pause_on_interaction&quot;:&quot;yes&quot;,&quot;space_between&quot;:{&quot;unit&quot;:&quot;px&quot;,&quot;size&quot;:10,&quot;sizes&quot;:[]},&quot;space_between_tablet&quot;:{&quot;unit&quot;:&quot;px&quot;,&quot;size&quot;:10,&quot;sizes&quot;:[]},&quot;space_between_mobile&quot;:{&quot;unit&quot;:&quot;px&quot;,&quot;size&quot;:10,&quot;sizes&quot;:[]}}\" data-widget_type=\"media-carousel.default\">\n\t\t\t\t\t\t\t\t\t\t<div class=\"elementor-main-swiper swiper\" role=\"region\" aria-roledescription=\"carousel\" aria-label=\"Diapozitiva\">\n\t\t\t\t<div class=\"swiper-wrapper\">\n\t\t\t\t\t\t\t\t\t\t\t<div class=\"swiper-slide\" role=\"group\" aria-roledescription=\"slide\">\n\t\t\t\t\t\t\t<a href=\"#\">\t\t<div class=\"elementor-carousel-image\" role=\"img\" aria-label=\"nautical-store-logo-piccolo-negativo\" style=\"background-image: url(&#039;https:\/\/aveyachtingalbania.com\/wp-content\/uploads\/2025\/12\/nautical-store-logo-piccolo-negativo.png&#039;)\">\n\n\t\t\t\n\t\t\t\t\t<\/div>\n\t\t<\/a>\t\t\t\t\t\t<\/div>\n\t\t\t\t\t\t\t\t\t\t\t<div class=\"swiper-slide\" role=\"group\" aria-roledescription=\"slide\">\n\t\t\t\t\t\t\t<a href=\"#\">\t\t<div class=\"elementor-carousel-image\" role=\"img\" aria-label=\"Marina-Orikum-Logo-e zez\u00eb-1\" style=\"background-image: url(&#039;https:\/\/aveyachtingalbania.com\/wp-content\/uploads\/2025\/12\/Marina-Orikum-Logo-black-1.png&#039;)\">\n\n\t\t\t\n\t\t\t\t\t<\/div>\n\t\t<\/a>\t\t\t\t\t\t<\/div>\n\t\t\t\t\t\t\t\t\t\t\t<div class=\"swiper-slide\" role=\"group\" aria-roledescription=\"slide\">\n\t\t\t\t\t\t\t<a href=\"#\">\t\t<div class=\"elementor-carousel-image\" role=\"img\" aria-label=\"admiral-jatching\" style=\"background-image: url(&#039;https:\/\/aveyachtingalbania.com\/wp-content\/uploads\/2025\/12\/admiral-yatching.png&#039;)\">\n\n\t\t\t\n\t\t\t\t\t<\/div>\n\t\t<\/a>\t\t\t\t\t\t<\/div>\n\t\t\t\t\t\t\t\t\t\t\t<div class=\"swiper-slide\" role=\"group\" aria-roledescription=\"slide\">\n\t\t\t\t\t\t\t\t\t<div class=\"elementor-carousel-image\" role=\"img\" aria-label=\"Jakel-logo-blu-01-1-300x111\" style=\"background-image: url(&#039;https:\/\/aveyachtingalbania.com\/wp-content\/uploads\/2025\/12\/Jakel-logo-blu-01-1-300x111-1.png&#039;)\">\n\n\t\t\t\n\t\t\t\t\t<\/div>\n\t\t\t\t\t\t\t\t<\/div>\n\t\t\t\t\t\t\t\t\t\t\t<div class=\"swiper-slide\" role=\"group\" aria-roledescription=\"slide\">\n\t\t\t\t\t\t\t<a href=\"#\">\t\t<div class=\"elementor-carousel-image\" role=\"img\" aria-label=\"Progetto-senza-titolo-5-300x80\" style=\"background-image: url(&#039;https:\/\/aveyachtingalbania.com\/wp-content\/uploads\/2025\/12\/Progetto-senza-titolo-5-300x80-1.png&#039;)\">\n\n\t\t\t\n\t\t\t\t\t<\/div>\n\t\t<\/a>\t\t\t\t\t\t<\/div>\n\t\t\t\t\t\t\t\t\t\t\t<div class=\"swiper-slide\" role=\"group\" aria-roledescription=\"slide\">\n\t\t\t\t\t\t\t<a href=\"#\">\t\t<div class=\"elementor-carousel-image\" role=\"img\" aria-label=\"Merrni hua nj\u00eb vark\u00eb\" style=\"background-image: url(&#039;https:\/\/aveyachtingalbania.com\/wp-content\/uploads\/2026\/01\/Untitled-design-1.png&#039;)\">\n\n\t\t\t\n\t\t\t\t\t<\/div>\n\t\t<\/a>\t\t\t\t\t\t<\/div>\n\t\t\t\t\t\t\t\t\t<\/div>\n\t\t\t\t\t\t\t\t\t\t\t\t\t\t\t<div class=\"elementor-swiper-button elementor-swiper-button-prev\" role=\"button\" tabindex=\"0\" aria-label=\"M\u00ebparshme\">\n\t\t\t\t\t\t\t<svg aria-hidden=\"true\" class=\"e-font-icon-svg e-eicon-chevron-left\" viewbox=\"0 0 1000 1000\" xmlns=\"http:\/\/www.w3.org\/2000\/svg\"><path d=\"M646 125C629 125 613 133 604 142L308 442C296 454 292 471 292 487 292 504 296 521 308 533L604 854C617 867 629 875 646 875 663 875 679 871 692 858 704 846 713 829 713 812 713 796 708 779 692 767L438 487 692 225C700 217 708 204 708 187 708 171 704 154 692 142 675 129 663 125 646 125Z\"><\/path><\/svg>\t\t\t\t\t\t<\/div>\n\t\t\t\t\t\t<div class=\"elementor-swiper-button elementor-swiper-button-next\" role=\"button\" tabindex=\"0\" aria-label=\"Tjetra\">\n\t\t\t\t\t\t\t<svg aria-hidden=\"true\" class=\"e-font-icon-svg e-eicon-chevron-right\" viewbox=\"0 0 1000 1000\" xmlns=\"http:\/\/www.w3.org\/2000\/svg\"><path d=\"M696 533C708 521 713 504 713 487 713 471 708 454 696 446L400 146C388 133 375 125 354 125 338 125 325 129 313 142 300 154 292 171 292 187 292 204 296 221 308 233L563 492 304 771C292 783 288 800 288 817 288 833 296 850 308 863 321 871 338 875 354 875 371 875 388 867 400 854L696 533Z\"><\/path><\/svg>\t\t\t\t\t\t<\/div>\n\t\t\t\t\t\t\t\t\t\t\t\t\t\t\t\t<div class=\"swiper-pagination\"><\/div>\n\t\t\t\t\t\t\t\t\t\t\t\t<\/div>\n\t\t\t\t\t\t\t\t<\/div>\n\t\t\t\t<\/div>\n\t\t\t\t\t<\/div>\n\t\t\t\t<\/div>\n\t\t\t\t<\/div>","protected":false},"excerpt":{"rendered":"<p>About Us Welcome aboard Ave Yachting Albania Our company profile Based in Albania, with 15 years of expertise and a network of international partners, we offer charter, yacht sales, and professional management. From the hidden bays of the Albanian Riviera to destinations across the Mediterranean, each journey is carefully crafted to combine seamless service, personalized [&hellip;]<\/p>\n","protected":false},"author":1,"featured_media":0,"parent":0,"menu_order":0,"comment_status":"closed","ping_status":"closed","template":"","meta":{"_acf_changed":false,"footnotes":""},"class_list":["post-33","page","type-page","status-publish","hentry"],"acf":[],"_links":{"self":[{"href":"https:\/\/aveyachtingalbania.com\/sq\/wp-json\/wp\/v2\/pages\/33","targetHints":{"allow":["GET"]}}],"collection":[{"href":"https:\/\/aveyachtingalbania.com\/sq\/wp-json\/wp\/v2\/pages"}],"about":[{"href":"https:\/\/aveyachtingalbania.com\/sq\/wp-json\/wp\/v2\/types\/page"}],"author":[{"embeddable":true,"href":"https:\/\/aveyachtingalbania.com\/sq\/wp-json\/wp\/v2\/users\/1"}],"replies":[{"embeddable":true,"href":"https:\/\/aveyachtingalbania.com\/sq\/wp-json\/wp\/v2\/comments?post=33"}],"version-history":[{"count":112,"href":"https:\/\/aveyachtingalbania.com\/sq\/wp-json\/wp\/v2\/pages\/33\/revisions"}],"predecessor-version":[{"id":4202,"href":"https:\/\/aveyachtingalbania.com\/sq\/wp-json\/wp\/v2\/pages\/33\/revisions\/4202"}],"wp:attachment":[{"href":"https:\/\/aveyachtingalbania.com\/sq\/wp-json\/wp\/v2\/media?parent=33"}],"curies":[{"name":"wp","href":"https:\/\/api.w.org\/{rel}","templated":true}]}}