{"id":2822,"date":"2025-12-22T22:17:41","date_gmt":"2025-12-22T22:17:41","guid":{"rendered":"https:\/\/charter.aveyachtingalbania.com\/?page_id=2822"},"modified":"2026-01-07T21:02:05","modified_gmt":"2026-01-07T21:02:05","slug":"our-services","status":"publish","type":"page","link":"https:\/\/aveyachtingalbania.com\/sq\/our-services\/","title":{"rendered":"Sh\u00ebrbimet tona"},"content":{"rendered":"<div data-elementor-type=\"wp-page\" data-elementor-id=\"2822\" class=\"elementor elementor-2822\" data-elementor-post-type=\"page\">\n\t\t\t\t<div class=\"elementor-element elementor-element-477368c e-con-full e-flex e-con e-parent\" data-id=\"477368c\" data-element_type=\"container\" data-e-type=\"container\" data-settings=\"{&quot;background_background&quot;:&quot;video&quot;,&quot;background_video_link&quot;:&quot;https:\\\/\\\/aveyachtingalbania.com\\\/wp-content\\\/uploads\\\/2025\\\/11\\\/ave-bg-video.mp4&quot;}\">\n\t\t<div class=\"elementor-background-video-container elementor-hidden-mobile\">\n\t\t\t\t\t\t\t<video class=\"elementor-background-video-hosted\" role=\"presentation\" autoplay muted playsinline loop><\/video>\n\t\t\t\t\t<\/div><div class=\"elementor-element elementor-element-3100b9d e-flex e-con-boxed e-con e-child\" data-id=\"3100b9d\" data-element_type=\"container\" data-e-type=\"container\">\n\t\t\t\t\t<div class=\"e-con-inner\">\n\t\t\t\t<div class=\"elementor-element elementor-element-31c8a75 elementor-widget elementor-widget-heading\" data-id=\"31c8a75\" data-element_type=\"widget\" data-e-type=\"widget\" data-widget_type=\"heading.default\">\n\t\t\t\t\t<h6 class=\"elementor-heading-title elementor-size-default\">Luks, Liri, P\u00ebrvoj\u00eb\n<\/h6>\t\t\t\t<\/div>\n\t\t\t\t<div class=\"elementor-element elementor-element-41de335 elementor-widget elementor-widget-heading\" data-id=\"41de335\" data-element_type=\"widget\" data-e-type=\"widget\" data-widget_type=\"heading.default\">\n\t\t\t\t\t<h2 class=\"elementor-heading-title elementor-size-default\">Sh\u00ebrbimet tona<\/h2>\t\t\t\t<\/div>\n\t\t\t\t<div class=\"elementor-element elementor-element-24c1a1b elementor-widget elementor-widget-button\" data-id=\"24c1a1b\" data-element_type=\"widget\" data-e-type=\"widget\" data-widget_type=\"button.default\">\n\t\t\t\t\t\t\t\t\t\t<a class=\"elementor-button elementor-button-link elementor-size-sm\" href=\"https:\/\/aveyachtingalbania.com\/sq\/contact\/\">\n\t\t\t\t\t\t<span class=\"elementor-button-content-wrapper\">\n\t\t\t\t\t\t\t\t\t<span class=\"elementor-button-text\">Na Kontaktoni<\/span>\n\t\t\t\t\t<\/span>\n\t\t\t\t\t<\/a>\n\t\t\t\t\t\t\t\t<\/div>\n\t\t\t\t\t<\/div>\n\t\t\t\t<\/div>\n\t\t\t\t<\/div>\n\t\t<div class=\"elementor-element elementor-element-c9e11ed animated-slow e-flex e-con-boxed elementor-invisible e-con e-parent\" data-id=\"c9e11ed\" data-element_type=\"container\" data-e-type=\"container\" data-settings=\"{&quot;animation&quot;:&quot;fadeIn&quot;}\">\n\t\t\t\t\t<div class=\"e-con-inner\">\n\t\t\t\t<div class=\"elementor-element elementor-element-adb7adf elementor-widget elementor-widget-text-editor\" data-id=\"adb7adf\" data-element_type=\"widget\" data-e-type=\"widget\" data-widget_type=\"text-editor.default\">\n\t\t\t\t\t\t\t\t\t<p data-start=\"195\" data-end=\"694\">Ave Yachting Albania ofron nj\u00eb portofol t\u00eb rafinuar sh\u00ebrbimesh t\u00eb dizajnuara p\u00ebr t\u00eb ofruar p\u00ebrvoja t\u00eb jasht\u00ebzakonshme n\u00eb uj\u00eb, t\u00eb p\u00ebrshtatura p\u00ebr \u00e7do vizion t\u00eb luksit dhe aventur\u00ebs. Nga koleksioni yn\u00eb ekskluziv i jahteve luksoze, ku takohen eleganca, rehatia dhe dizajni i p\u00ebrparuar, deri te nj\u00eb gam\u00eb e gjithanshme e qirave t\u00eb anijeve ideale p\u00ebr t\u00eb eksploruar detin e hapur me leht\u00ebsi dhe besim, \u00e7do udh\u00ebtim \u00ebsht\u00eb hartuar me kujdes. Ne gjithashtu specializohemi n\u00eb organizimin e festave dhe ngjarjeve t\u00eb paharrueshme n\u00eb bordin e jahteve tona, duke transformuar rastet e ve\u00e7anta n\u00eb festime v\u00ebrtet t\u00eb jasht\u00ebzakonshme me leht\u00ebsira premium dhe ambiente marramend\u00ebse. P\u00ebr ata q\u00eb k\u00ebrkojn\u00eb di\u00e7ka m\u00eb personale, udh\u00ebtimet tona private ofrojn\u00eb itinerare t\u00eb personalizuara q\u00eb kombinojn\u00eb luksin, zbulimin dhe privat\u00ebsin\u00eb, duke ju lejuar t\u00eb zbuloni xhevahire t\u00eb fshehura dhe t\u00eb krijoni kujtime t\u00eb q\u00ebndrueshme me ritmin tuaj.<\/p>\t\t\t\t\t\t\t\t<\/div>\n\t\t\t\t\t<\/div>\n\t\t\t\t<\/div>\n\t\t<div class=\"elementor-element elementor-element-f44dc39 animated-slow e-flex e-con-boxed elementor-invisible e-con e-parent\" data-id=\"f44dc39\" data-element_type=\"container\" data-e-type=\"container\" data-settings=\"{&quot;animation&quot;:&quot;fadeIn&quot;,&quot;background_background&quot;:&quot;classic&quot;}\">\n\t\t\t\t\t<div class=\"e-con-inner\">\n\t\t<div class=\"elementor-element elementor-element-93b1b22 e-grid e-con-full e-con e-child\" data-id=\"93b1b22\" data-element_type=\"container\" data-e-type=\"container\">\n\t\t<div class=\"elementor-element elementor-element-2640ce3 e-con-full e-transform e-flex e-con e-child\" data-id=\"2640ce3\" data-element_type=\"container\" data-e-type=\"container\" data-settings=\"{&quot;background_background&quot;:&quot;classic&quot;,&quot;_transform_translateX_effect_hover&quot;:{&quot;unit&quot;:&quot;px&quot;,&quot;size&quot;:0,&quot;sizes&quot;:[]},&quot;_transform_translateY_effect_hover&quot;:{&quot;unit&quot;:&quot;px&quot;,&quot;size&quot;:-5,&quot;sizes&quot;:[]},&quot;_transform_translateX_effect_hover_tablet&quot;:{&quot;unit&quot;:&quot;px&quot;,&quot;size&quot;:&quot;&quot;,&quot;sizes&quot;:[]},&quot;_transform_translateX_effect_hover_mobile&quot;:{&quot;unit&quot;:&quot;px&quot;,&quot;size&quot;:&quot;&quot;,&quot;sizes&quot;:[]},&quot;_transform_translateY_effect_hover_tablet&quot;:{&quot;unit&quot;:&quot;px&quot;,&quot;size&quot;:&quot;&quot;,&quot;sizes&quot;:[]},&quot;_transform_translateY_effect_hover_mobile&quot;:{&quot;unit&quot;:&quot;px&quot;,&quot;size&quot;:&quot;&quot;,&quot;sizes&quot;:[]}}\">\n\t\t\t\t<div class=\"elementor-element elementor-element-5476373 elementor-widget elementor-widget-image\" data-id=\"5476373\" data-element_type=\"widget\" data-e-type=\"widget\" data-widget_type=\"image.default\">\n\t\t\t\t\t\t\t\t\t\t\t\t\t\t\t<img fetchpriority=\"high\" decoding=\"async\" width=\"1200\" height=\"800\" src=\"https:\/\/aveyachtingalbania.com\/wp-content\/uploads\/2025\/11\/06d5cdb5-9213-f796-b960-627794a37828.2048-r0hashn4nkrvz5byx1k2d0sv6iyojkbgswn7234nk0.jpg\" class=\"attachment-full size-full wp-image-631\" alt=\"\" srcset=\"https:\/\/aveyachtingalbania.com\/wp-content\/uploads\/2025\/11\/06d5cdb5-9213-f796-b960-627794a37828.2048-r0hashn4nkrvz5byx1k2d0sv6iyojkbgswn7234nk0.jpg 1200w, https:\/\/aveyachtingalbania.com\/wp-content\/uploads\/2025\/11\/06d5cdb5-9213-f796-b960-627794a37828.2048-r0hashn4nkrvz5byx1k2d0sv6iyojkbgswn7234nk0-300x200.jpg 300w, https:\/\/aveyachtingalbania.com\/wp-content\/uploads\/2025\/11\/06d5cdb5-9213-f796-b960-627794a37828.2048-r0hashn4nkrvz5byx1k2d0sv6iyojkbgswn7234nk0-1024x683.jpg 1024w, https:\/\/aveyachtingalbania.com\/wp-content\/uploads\/2025\/11\/06d5cdb5-9213-f796-b960-627794a37828.2048-r0hashn4nkrvz5byx1k2d0sv6iyojkbgswn7234nk0-768x512.jpg 768w, https:\/\/aveyachtingalbania.com\/wp-content\/uploads\/2025\/11\/06d5cdb5-9213-f796-b960-627794a37828.2048-r0hashn4nkrvz5byx1k2d0sv6iyojkbgswn7234nk0-18x12.jpg 18w\" sizes=\"(max-width: 1200px) 100vw, 1200px\" \/>\t\t\t\t\t\t\t\t\t\t\t\t\t\t\t<\/div>\n\t\t\t\t<div class=\"elementor-element elementor-element-73a921a elementor-widget elementor-widget-heading\" data-id=\"73a921a\" data-element_type=\"widget\" data-e-type=\"widget\" data-widget_type=\"heading.default\">\n\t\t\t\t\t<h2 class=\"elementor-heading-title elementor-size-default\">Jahte luksoze<\/h2>\t\t\t\t<\/div>\n\t\t\t\t<div class=\"elementor-element elementor-element-eae8679 elementor-widget elementor-widget-text-editor\" data-id=\"eae8679\" data-element_type=\"widget\" data-e-type=\"widget\" data-widget_type=\"text-editor.default\">\n\t\t\t\t\t\t\t\t\t<p>P\u00ebrjetoni kulmin e eleganc\u00ebs dhe niseni p\u00ebr nj\u00eb udh\u00ebtim luksi t\u00eb pakrahasuesh\u00ebm me p\u00ebrzgjedhjen ton\u00eb ekskluzive t\u00eb jahteve t\u00eb dizajnuara me mjesht\u00ebri.<\/p>\t\t\t\t\t\t\t\t<\/div>\n\t\t\t\t<div class=\"elementor-element elementor-element-c3d2caf elementor-widget elementor-widget-elementskit-heading\" data-id=\"c3d2caf\" data-element_type=\"widget\" data-e-type=\"widget\" data-widget_type=\"elementskit-heading.default\">\n\t\t\t\t\t<div class=\"ekit-wid-con\" ><div class=\"ekit-heading elementskit-section-title-wraper text_left   ekit_heading_tablet-   ekit_heading_mobile-\"><a href=\"https:\/\/aveyachtingalbania.com\/sq\/contact\/\"><h2 class=\"ekit-heading--title elementskit-section-title\">M\u00ebsoni m\u00eb shum\u00eb<\/h2><\/a><div class=\"ekit_heading_separetor_wraper ekit_heading_elementskit-border-divider ekit-dotted\"><div class=\"elementskit-border-divider ekit-dotted\"><\/div><\/div><\/div><\/div>\t\t\t\t<\/div>\n\t\t\t\t<\/div>\n\t\t<div class=\"elementor-element elementor-element-02c9104 e-con-full e-transform e-flex e-con e-child\" data-id=\"02c9104\" data-element_type=\"container\" data-e-type=\"container\" data-settings=\"{&quot;background_background&quot;:&quot;classic&quot;,&quot;_transform_translateX_effect_hover&quot;:{&quot;unit&quot;:&quot;px&quot;,&quot;size&quot;:0,&quot;sizes&quot;:[]},&quot;_transform_translateY_effect_hover&quot;:{&quot;unit&quot;:&quot;px&quot;,&quot;size&quot;:-5,&quot;sizes&quot;:[]},&quot;_transform_translateX_effect_hover_tablet&quot;:{&quot;unit&quot;:&quot;px&quot;,&quot;size&quot;:&quot;&quot;,&quot;sizes&quot;:[]},&quot;_transform_translateX_effect_hover_mobile&quot;:{&quot;unit&quot;:&quot;px&quot;,&quot;size&quot;:&quot;&quot;,&quot;sizes&quot;:[]},&quot;_transform_translateY_effect_hover_tablet&quot;:{&quot;unit&quot;:&quot;px&quot;,&quot;size&quot;:&quot;&quot;,&quot;sizes&quot;:[]},&quot;_transform_translateY_effect_hover_mobile&quot;:{&quot;unit&quot;:&quot;px&quot;,&quot;size&quot;:&quot;&quot;,&quot;sizes&quot;:[]}}\">\n\t\t\t\t<div class=\"elementor-element elementor-element-0970102 elementor-widget elementor-widget-image\" data-id=\"0970102\" data-element_type=\"widget\" data-e-type=\"widget\" data-widget_type=\"image.default\">\n\t\t\t\t\t\t\t\t\t\t\t\t\t\t\t<img decoding=\"async\" width=\"1200\" height=\"800\" src=\"https:\/\/aveyachtingalbania.com\/wp-content\/uploads\/2025\/11\/gulet-prenses-esila-flybridge-photo-q936bq9wts6d5fzd69mn33lppwwhk8dah8xue7bha8-2.jpeg\" class=\"attachment-full size-full wp-image-634\" alt=\"\" srcset=\"https:\/\/aveyachtingalbania.com\/wp-content\/uploads\/2025\/11\/gulet-prenses-esila-flybridge-photo-q936bq9wts6d5fzd69mn33lppwwhk8dah8xue7bha8-2.jpeg 1200w, https:\/\/aveyachtingalbania.com\/wp-content\/uploads\/2025\/11\/gulet-prenses-esila-flybridge-photo-q936bq9wts6d5fzd69mn33lppwwhk8dah8xue7bha8-2-300x200.jpeg 300w, https:\/\/aveyachtingalbania.com\/wp-content\/uploads\/2025\/11\/gulet-prenses-esila-flybridge-photo-q936bq9wts6d5fzd69mn33lppwwhk8dah8xue7bha8-2-1024x683.jpeg 1024w, https:\/\/aveyachtingalbania.com\/wp-content\/uploads\/2025\/11\/gulet-prenses-esila-flybridge-photo-q936bq9wts6d5fzd69mn33lppwwhk8dah8xue7bha8-2-768x512.jpeg 768w, https:\/\/aveyachtingalbania.com\/wp-content\/uploads\/2025\/11\/gulet-prenses-esila-flybridge-photo-q936bq9wts6d5fzd69mn33lppwwhk8dah8xue7bha8-2-18x12.jpeg 18w\" sizes=\"(max-width: 1200px) 100vw, 1200px\" \/>\t\t\t\t\t\t\t\t\t\t\t\t\t\t\t<\/div>\n\t\t\t\t<div class=\"elementor-element elementor-element-161e543 elementor-widget elementor-widget-heading\" data-id=\"161e543\" data-element_type=\"widget\" data-e-type=\"widget\" data-widget_type=\"heading.default\">\n\t\t\t\t\t<h2 class=\"elementor-heading-title elementor-size-default\">Qira Varkash<\/h2>\t\t\t\t<\/div>\n\t\t\t\t<div class=\"elementor-element elementor-element-f2bf6bd elementor-widget elementor-widget-text-editor\" data-id=\"f2bf6bd\" data-element_type=\"widget\" data-e-type=\"widget\" data-widget_type=\"text-editor.default\">\n\t\t\t\t\t\t\t\t\t<p>Nisuni n\u00eb nj\u00eb udh\u00ebtim t\u00eb paharruesh\u00ebm n\u00ebp\u00ebr det t\u00eb hapur me flot\u00ebn ton\u00eb t\u00eb larmishme t\u00eb varkave me qira, duke siguruar nj\u00eb p\u00ebrvoj\u00eb t\u00eb p\u00ebrsosur dhe emocionuese p\u00ebr \u00e7do eksplorues.<\/p>\t\t\t\t\t\t\t\t<\/div>\n\t\t\t\t<div class=\"elementor-element elementor-element-d9f44cc elementor-widget elementor-widget-elementskit-heading\" data-id=\"d9f44cc\" data-element_type=\"widget\" data-e-type=\"widget\" data-widget_type=\"elementskit-heading.default\">\n\t\t\t\t\t<div class=\"ekit-wid-con\" ><div class=\"ekit-heading elementskit-section-title-wraper text_left   ekit_heading_tablet-   ekit_heading_mobile-\"><a href=\"https:\/\/aveyachtingalbania.com\/sq\/contact\/\"><h2 class=\"ekit-heading--title elementskit-section-title\">M\u00ebsoni m\u00eb shum\u00eb<\/h2><\/a><div class=\"ekit_heading_separetor_wraper ekit_heading_elementskit-border-divider ekit-dotted\"><div class=\"elementskit-border-divider ekit-dotted\"><\/div><\/div><\/div><\/div>\t\t\t\t<\/div>\n\t\t\t\t<\/div>\n\t\t<div class=\"elementor-element elementor-element-738588f e-con-full e-transform e-flex e-con e-child\" data-id=\"738588f\" data-element_type=\"container\" data-e-type=\"container\" data-settings=\"{&quot;background_background&quot;:&quot;classic&quot;,&quot;_transform_translateX_effect_hover&quot;:{&quot;unit&quot;:&quot;px&quot;,&quot;size&quot;:0,&quot;sizes&quot;:[]},&quot;_transform_translateY_effect_hover&quot;:{&quot;unit&quot;:&quot;px&quot;,&quot;size&quot;:-5,&quot;sizes&quot;:[]},&quot;_transform_translateX_effect_hover_tablet&quot;:{&quot;unit&quot;:&quot;px&quot;,&quot;size&quot;:&quot;&quot;,&quot;sizes&quot;:[]},&quot;_transform_translateX_effect_hover_mobile&quot;:{&quot;unit&quot;:&quot;px&quot;,&quot;size&quot;:&quot;&quot;,&quot;sizes&quot;:[]},&quot;_transform_translateY_effect_hover_tablet&quot;:{&quot;unit&quot;:&quot;px&quot;,&quot;size&quot;:&quot;&quot;,&quot;sizes&quot;:[]},&quot;_transform_translateY_effect_hover_mobile&quot;:{&quot;unit&quot;:&quot;px&quot;,&quot;size&quot;:&quot;&quot;,&quot;sizes&quot;:[]}}\">\n\t\t\t\t<div class=\"elementor-element elementor-element-594ceda elementor-widget elementor-widget-image\" data-id=\"594ceda\" data-element_type=\"widget\" data-e-type=\"widget\" data-widget_type=\"image.default\">\n\t\t\t\t\t\t\t\t\t\t\t\t\t\t\t<img decoding=\"async\" width=\"1200\" height=\"800\" src=\"https:\/\/aveyachtingalbania.com\/wp-content\/uploads\/2025\/11\/BACHELOR-PARTY-r0kugbr0c04m29mggm9yma1kaqo5r3gxc6n9kou4ow.jpg\" class=\"attachment-full size-full wp-image-632\" alt=\"\" srcset=\"https:\/\/aveyachtingalbania.com\/wp-content\/uploads\/2025\/11\/BACHELOR-PARTY-r0kugbr0c04m29mggm9yma1kaqo5r3gxc6n9kou4ow.jpg 1200w, https:\/\/aveyachtingalbania.com\/wp-content\/uploads\/2025\/11\/BACHELOR-PARTY-r0kugbr0c04m29mggm9yma1kaqo5r3gxc6n9kou4ow-300x200.jpg 300w, https:\/\/aveyachtingalbania.com\/wp-content\/uploads\/2025\/11\/BACHELOR-PARTY-r0kugbr0c04m29mggm9yma1kaqo5r3gxc6n9kou4ow-1024x683.jpg 1024w, https:\/\/aveyachtingalbania.com\/wp-content\/uploads\/2025\/11\/BACHELOR-PARTY-r0kugbr0c04m29mggm9yma1kaqo5r3gxc6n9kou4ow-768x512.jpg 768w, https:\/\/aveyachtingalbania.com\/wp-content\/uploads\/2025\/11\/BACHELOR-PARTY-r0kugbr0c04m29mggm9yma1kaqo5r3gxc6n9kou4ow-18x12.jpg 18w\" sizes=\"(max-width: 1200px) 100vw, 1200px\" \/>\t\t\t\t\t\t\t\t\t\t\t\t\t\t\t<\/div>\n\t\t\t\t<div class=\"elementor-element elementor-element-232be21 elementor-widget elementor-widget-heading\" data-id=\"232be21\" data-element_type=\"widget\" data-e-type=\"widget\" data-widget_type=\"heading.default\">\n\t\t\t\t\t<h2 class=\"elementor-heading-title elementor-size-default\">Festa dhe Evente<\/h2>\t\t\t\t<\/div>\n\t\t\t\t<div class=\"elementor-element elementor-element-fe77ed0 elementor-widget elementor-widget-text-editor\" data-id=\"fe77ed0\" data-element_type=\"widget\" data-e-type=\"widget\" data-widget_type=\"text-editor.default\">\n\t\t\t\t\t\t\t\t\t<p>Shnd\u00ebrroni \u00e7do rast n\u00eb nj\u00eb fest\u00eb t\u00eb jasht\u00ebzakonshme me sh\u00ebrbimet tona premium p\u00ebr evente n\u00eb jahte, duke ofruar ambiente mahnit\u00ebse dhe leht\u00ebsira t\u00eb klasit bot\u00ebror.<\/p>\t\t\t\t\t\t\t\t<\/div>\n\t\t\t\t<div class=\"elementor-element elementor-element-d6665ec elementor-widget elementor-widget-elementskit-heading\" data-id=\"d6665ec\" data-element_type=\"widget\" data-e-type=\"widget\" data-widget_type=\"elementskit-heading.default\">\n\t\t\t\t\t<div class=\"ekit-wid-con\" ><div class=\"ekit-heading elementskit-section-title-wraper text_left   ekit_heading_tablet-   ekit_heading_mobile-\"><a href=\"https:\/\/aveyachtingalbania.com\/sq\/contact\/\"><h2 class=\"ekit-heading--title elementskit-section-title\">M\u00ebsoni m\u00eb shum\u00eb<\/h2><\/a><div class=\"ekit_heading_separetor_wraper ekit_heading_elementskit-border-divider ekit-dotted\"><div class=\"elementskit-border-divider ekit-dotted\"><\/div><\/div><\/div><\/div>\t\t\t\t<\/div>\n\t\t\t\t<\/div>\n\t\t<div class=\"elementor-element elementor-element-7ed92fb e-con-full e-transform e-flex e-con e-child\" data-id=\"7ed92fb\" data-element_type=\"container\" data-e-type=\"container\" data-settings=\"{&quot;background_background&quot;:&quot;classic&quot;,&quot;_transform_translateX_effect_hover&quot;:{&quot;unit&quot;:&quot;px&quot;,&quot;size&quot;:0,&quot;sizes&quot;:[]},&quot;_transform_translateY_effect_hover&quot;:{&quot;unit&quot;:&quot;px&quot;,&quot;size&quot;:-5,&quot;sizes&quot;:[]},&quot;_transform_translateX_effect_hover_tablet&quot;:{&quot;unit&quot;:&quot;px&quot;,&quot;size&quot;:&quot;&quot;,&quot;sizes&quot;:[]},&quot;_transform_translateX_effect_hover_mobile&quot;:{&quot;unit&quot;:&quot;px&quot;,&quot;size&quot;:&quot;&quot;,&quot;sizes&quot;:[]},&quot;_transform_translateY_effect_hover_tablet&quot;:{&quot;unit&quot;:&quot;px&quot;,&quot;size&quot;:&quot;&quot;,&quot;sizes&quot;:[]},&quot;_transform_translateY_effect_hover_mobile&quot;:{&quot;unit&quot;:&quot;px&quot;,&quot;size&quot;:&quot;&quot;,&quot;sizes&quot;:[]}}\">\n\t\t\t\t<div class=\"elementor-element elementor-element-3854623 elementor-widget elementor-widget-image\" data-id=\"3854623\" data-element_type=\"widget\" data-e-type=\"widget\" data-widget_type=\"image.default\">\n\t\t\t\t\t\t\t\t\t\t\t\t\t\t\t<img loading=\"lazy\" decoding=\"async\" width=\"1200\" height=\"800\" src=\"https:\/\/aveyachtingalbania.com\/wp-content\/uploads\/2025\/11\/Grama-q96kzumntjihgjbj4nrf47gq30ek3329z0mup9hq2o.jpg\" class=\"attachment-full size-full wp-image-633\" alt=\"\" srcset=\"https:\/\/aveyachtingalbania.com\/wp-content\/uploads\/2025\/11\/Grama-q96kzumntjihgjbj4nrf47gq30ek3329z0mup9hq2o.jpg 1200w, https:\/\/aveyachtingalbania.com\/wp-content\/uploads\/2025\/11\/Grama-q96kzumntjihgjbj4nrf47gq30ek3329z0mup9hq2o-300x200.jpg 300w, https:\/\/aveyachtingalbania.com\/wp-content\/uploads\/2025\/11\/Grama-q96kzumntjihgjbj4nrf47gq30ek3329z0mup9hq2o-1024x683.jpg 1024w, https:\/\/aveyachtingalbania.com\/wp-content\/uploads\/2025\/11\/Grama-q96kzumntjihgjbj4nrf47gq30ek3329z0mup9hq2o-768x512.jpg 768w, https:\/\/aveyachtingalbania.com\/wp-content\/uploads\/2025\/11\/Grama-q96kzumntjihgjbj4nrf47gq30ek3329z0mup9hq2o-18x12.jpg 18w\" sizes=\"(max-width: 1200px) 100vw, 1200px\" \/>\t\t\t\t\t\t\t\t\t\t\t\t\t\t\t<\/div>\n\t\t\t\t<div class=\"elementor-element elementor-element-2e25dcd elementor-widget elementor-widget-heading\" data-id=\"2e25dcd\" data-element_type=\"widget\" data-e-type=\"widget\" data-widget_type=\"heading.default\">\n\t\t\t\t\t<h2 class=\"elementor-heading-title elementor-size-default\">Udh\u00ebtime Private<\/h2>\t\t\t\t<\/div>\n\t\t\t\t<div class=\"elementor-element elementor-element-27d1666 elementor-widget elementor-widget-text-editor\" data-id=\"27d1666\" data-element_type=\"widget\" data-e-type=\"widget\" data-widget_type=\"text-editor.default\">\n\t\t\t\t\t\t\t\t\t<p>Nisuni p\u00ebr nj\u00eb aventur\u00eb t\u00eb personalizuar me udh\u00ebtimet tona private me vark\u00eb, ku mund t\u00eb k\u00ebnaqeni me luksin, t\u00eb zbuloni xhevahire t\u00eb fshehura dhe t\u00eb krijoni kujtime t\u00eb paharrueshme.<\/p>\t\t\t\t\t\t\t\t<\/div>\n\t\t\t\t<div class=\"elementor-element elementor-element-a2cf321 elementor-widget elementor-widget-elementskit-heading\" data-id=\"a2cf321\" data-element_type=\"widget\" data-e-type=\"widget\" data-widget_type=\"elementskit-heading.default\">\n\t\t\t\t\t<div class=\"ekit-wid-con\" ><div class=\"ekit-heading elementskit-section-title-wraper text_left   ekit_heading_tablet-   ekit_heading_mobile-\"><a href=\"https:\/\/aveyachtingalbania.com\/sq\/contact\/\"><h2 class=\"ekit-heading--title elementskit-section-title\">M\u00ebsoni m\u00eb shum\u00eb<\/h2><\/a><div class=\"ekit_heading_separetor_wraper ekit_heading_elementskit-border-divider ekit-dotted\"><div class=\"elementskit-border-divider ekit-dotted\"><\/div><\/div><\/div><\/div>\t\t\t\t<\/div>\n\t\t\t\t<\/div>\n\t\t\t\t<\/div>\n\t\t\t\t\t<\/div>\n\t\t\t\t<\/div>\n\t\t<div class=\"elementor-element elementor-element-ed85b10 animated-slow e-flex e-con-boxed elementor-invisible e-con e-parent\" data-id=\"ed85b10\" data-element_type=\"container\" data-e-type=\"container\" data-settings=\"{&quot;animation&quot;:&quot;fadeIn&quot;}\">\n\t\t\t\t\t<div class=\"e-con-inner\">\n\t\t<div class=\"elementor-element elementor-element-c62b78c e-con-full e-flex e-con e-child\" data-id=\"c62b78c\" data-element_type=\"container\" data-e-type=\"container\">\n\t\t\t\t<div class=\"elementor-element elementor-element-1796387 elementor-widget elementor-widget-heading\" data-id=\"1796387\" data-element_type=\"widget\" data-e-type=\"widget\" data-widget_type=\"heading.default\">\n\t\t\t\t\t<h6 class=\"elementor-heading-title elementor-size-default\">Ekspertiza jon\u00eb<\/h6>\t\t\t\t<\/div>\n\t\t\t\t<div class=\"elementor-element elementor-element-f32ada4 elementor-widget elementor-widget-heading\" data-id=\"f32ada4\" data-element_type=\"widget\" data-e-type=\"widget\" data-widget_type=\"heading.default\">\n\t\t\t\t\t<h2 class=\"elementor-heading-title elementor-size-default\">Ekipi yn\u00eb me p\u00ebrvoj\u00eb n\u00eb menaxhimin e jahteve do t\u00eb merret me \u00e7do aspekt t\u00eb drejtimit t\u00eb jahtit tuaj.<\/h2>\t\t\t\t<\/div>\n\t\t\t\t<div class=\"elementor-element elementor-element-aebe0a9 elementor-widget elementor-widget-text-editor\" data-id=\"aebe0a9\" data-element_type=\"widget\" data-e-type=\"widget\" data-widget_type=\"text-editor.default\">\n\t\t\t\t\t\t\t\t\t<p>Ekipi yn\u00eb i p\u00ebrkushtuar i mbik\u00ebqyr\u00ebsve teknik\u00eb dhe menaxher\u00ebve t\u00eb jahteve ka nj\u00eb kombinim unik aft\u00ebsish, njohurish dhe p\u00ebrvoje, dhe do t\u00eb ofroj\u00eb nj\u00eb gam\u00eb t\u00eb plot\u00eb sh\u00ebrbimesh, p\u00ebr t\u00eb siguruar qet\u00ebsin\u00eb tuaj mendore - n\u00eb \u00e7do hap t\u00eb rrug\u00ebs.<\/p>\t\t\t\t\t\t\t\t<\/div>\n\t\t\t\t<\/div>\n\t\t<div class=\"elementor-element elementor-element-857f1bb e-con-full e-flex e-con e-child\" data-id=\"857f1bb\" data-element_type=\"container\" data-e-type=\"container\">\n\t\t\t\t<div class=\"elementor-element elementor-element-c648a1d elementor-widget elementor-widget-image\" data-id=\"c648a1d\" data-element_type=\"widget\" data-e-type=\"widget\" data-widget_type=\"image.default\">\n\t\t\t\t\t\t\t\t\t\t\t\t\t\t\t<img loading=\"lazy\" decoding=\"async\" width=\"2000\" height=\"1333\" src=\"https:\/\/aveyachtingalbania.com\/wp-content\/uploads\/2026\/01\/falcomoscata-lifestyle-crew-captain_fraseryachts-0CZnOoX4.webp\" class=\"attachment-full size-full wp-image-3048\" alt=\"\" srcset=\"https:\/\/aveyachtingalbania.com\/wp-content\/uploads\/2026\/01\/falcomoscata-lifestyle-crew-captain_fraseryachts-0CZnOoX4.webp 2000w, https:\/\/aveyachtingalbania.com\/wp-content\/uploads\/2026\/01\/falcomoscata-lifestyle-crew-captain_fraseryachts-0CZnOoX4-300x200.webp 300w, https:\/\/aveyachtingalbania.com\/wp-content\/uploads\/2026\/01\/falcomoscata-lifestyle-crew-captain_fraseryachts-0CZnOoX4-1024x682.webp 1024w, https:\/\/aveyachtingalbania.com\/wp-content\/uploads\/2026\/01\/falcomoscata-lifestyle-crew-captain_fraseryachts-0CZnOoX4-768x512.webp 768w, https:\/\/aveyachtingalbania.com\/wp-content\/uploads\/2026\/01\/falcomoscata-lifestyle-crew-captain_fraseryachts-0CZnOoX4-1536x1024.webp 1536w, https:\/\/aveyachtingalbania.com\/wp-content\/uploads\/2026\/01\/falcomoscata-lifestyle-crew-captain_fraseryachts-0CZnOoX4-18x12.webp 18w\" sizes=\"(max-width: 2000px) 100vw, 2000px\" \/>\t\t\t\t\t\t\t\t\t\t\t\t\t\t\t<\/div>\n\t\t\t\t<\/div>\n\t\t\t\t\t<\/div>\n\t\t\t\t<\/div>\n\t\t\t\t<\/div>","protected":false},"excerpt":{"rendered":"<p>Luxury, Freedom, Experience Our Services Contact Us Ave Yachting Albania offers a refined portfolio of services designed to deliver exceptional experiences on the water, tailored to every vision of luxury and adventure. From our exclusive collection of luxury yachts, where elegance, comfort, and cutting-edge design meet, to a versatile range of boat rentals ideal for [&hellip;]<\/p>\n","protected":false},"author":1,"featured_media":0,"parent":0,"menu_order":0,"comment_status":"closed","ping_status":"closed","template":"","meta":{"_acf_changed":false,"footnotes":""},"class_list":["post-2822","page","type-page","status-publish","hentry"],"acf":[],"_links":{"self":[{"href":"https:\/\/aveyachtingalbania.com\/sq\/wp-json\/wp\/v2\/pages\/2822","targetHints":{"allow":["GET"]}}],"collection":[{"href":"https:\/\/aveyachtingalbania.com\/sq\/wp-json\/wp\/v2\/pages"}],"about":[{"href":"https:\/\/aveyachtingalbania.com\/sq\/wp-json\/wp\/v2\/types\/page"}],"author":[{"embeddable":true,"href":"https:\/\/aveyachtingalbania.com\/sq\/wp-json\/wp\/v2\/users\/1"}],"replies":[{"embeddable":true,"href":"https:\/\/aveyachtingalbania.com\/sq\/wp-json\/wp\/v2\/comments?post=2822"}],"version-history":[{"count":25,"href":"https:\/\/aveyachtingalbania.com\/sq\/wp-json\/wp\/v2\/pages\/2822\/revisions"}],"predecessor-version":[{"id":3060,"href":"https:\/\/aveyachtingalbania.com\/sq\/wp-json\/wp\/v2\/pages\/2822\/revisions\/3060"}],"wp:attachment":[{"href":"https:\/\/aveyachtingalbania.com\/sq\/wp-json\/wp\/v2\/media?parent=2822"}],"curies":[{"name":"wp","href":"https:\/\/api.w.org\/{rel}","templated":true}]}}